{"id":977,"date":"2018-11-25T22:39:44","date_gmt":"2018-11-25T21:39:44","guid":{"rendered":"http:\/\/www.celiacaturelli.de\/vita\/"},"modified":"2018-11-25T22:40:35","modified_gmt":"2018-11-25T21:40:35","slug":"vita","status":"publish","type":"page","link":"https:\/\/www.celiacaturelli.de\/es\/vita\/","title":{"rendered":"Vita"},"content":{"rendered":"<div class=\"flex_column av_four_fifth  flex_column_div av-zero-column-padding first  \" style='border-radius:0px; '><p><section class=\"av_textblock_section \"  itemscope=\"itemscope\" itemtype=\"https:\/\/schema.org\/CreativeWork\" ><div class='avia_textblock  '  style='font-size:12px; '  itemprop=\"text\" ><p>Celia Caturelli, artista nacida en C\u00f3rdoba, Argentina.<\/p>\n<p>Vive y trabaja en Berl\u00edn y D\u00fcsseldorf, Alemania<\/p>\n<p>Celia Caturelli trabaja de manera rizom\u00e1tica, centrada en un proyectos y temas que desarrolla a lo largo de largos periodos de tiempo. Su trabajo se centra en el problema de la identidad, la migraci\u00f3n y el lenguaje. Celia Caturelli trabaja con pintura, instalaci\u00f3n, fotograf\u00eda y video.<\/p>\n<p>Desde el a\u00f1o 2011 publica poes\u00eda (en Espa\u00f1ol). Numerosas exposiciones y proyectos en Alemania, Suiza, Colombia, China, Argentina, etc.<\/p>\n<\/div><\/section><br \/>\n<section class=\"av_textblock_section \"  itemscope=\"itemscope\" itemtype=\"https:\/\/schema.org\/CreativeWork\" ><div class='avia_textblock  '  style='font-size:12px; '  itemprop=\"text\" ><p><strong><u>Formaci\u00f3n<\/u><\/strong><\/p>\n<p>1987-89 Estudios de postgrado Hochschule der K\u00fcnste Berl\u00edn, Alemania<\/p>\n<p>1985-86 Hochschule der K\u00fcnste (pintura) Berl\u00edn, Alemania<\/p>\n<p>1972-83 Estudios de Arte Visual \/ Pintura y Literatura Moderna en la Escuela de Bellas Artes Dr. Figueroa Alcorta, C\u00f3rdoba y en la Universidad Nacional de C\u00f3rdoba, Argentina.<\/p>\n<\/div><\/section><br \/>\n<section class=\"av_textblock_section \"  itemscope=\"itemscope\" itemtype=\"https:\/\/schema.org\/CreativeWork\" ><div class='avia_textblock  '  style='font-size:12px; '  itemprop=\"text\" ><p><strong><u>Premios<\/u><\/strong><\/p>\n<p>1994-95 Fundaci\u00f3n Pollock-Krasner Grant, N.Y., N.Y.<\/p>\n<p>1987 Artista en residencia invitado por Magyar N. M\u00fcv\u00e9szeszeti Alpja Kollektiv M\u00fcterem Budapest Ungarn<\/p>\n<p>1985-86 Beca DAAD, Alemania<\/p>\n<p>1984 Premio Albrecht D\u00fcrer, Fondo Nacional de las Artes, Argentina<\/p>\n<p>Desde 1997 es profesora titular de la c\u00e1tedra Introducci\u00f3n a la creatividad \/ Pintura en Peter Behrens School of Arts \u2013 Hochschule D\u00fcsseldorf<\/p>\n<\/div><\/section><br \/>\n<section class=\"av_textblock_section \"  itemscope=\"itemscope\" itemtype=\"https:\/\/schema.org\/CreativeWork\" ><div class='avia_textblock  '  style='font-size:12px; '  itemprop=\"text\" ><p><strong><u>Exposiciones \/ Proyectos \/ Pintura \/ Performances (Selecci\u00f3n)<\/u><\/strong><\/p>\n<p>2019 <em>Conversaciones<\/em>, Universidad de Eurasia, Xian, China<\/p>\n<p>2017 <em> Beijing<\/em> y <em>El libro del cuerpo<\/em>, NY Art, Book Fair N.Y, N.Y, EE. UU.<\/p>\n<p>2015 l<em>a casa es un espacio <\/em>de exposici\u00f3n, untrou-art.com, Hong-Kong-Berlin<\/p>\n<p>2014<em> 100<\/em> <em>Teppiche<\/em> Universidad de Shantou, Shantou China<\/p>\n<p>2012 <em>Willkommen in Paradies<\/em>, Iglesia de San Crist\u00f3foro, Berl\u00edn<\/p>\n<p>2010 \u00a0<em>Cuarto, cocina y ba\u00f1o<\/em> (Instalaci\u00f3n) CIPAC, Bs. As., Argentina<\/p>\n<p>2003 <em>La \u00faltima camisa no tiene bolsillos<br \/>\n<\/em>Academia Superior de Bellas Artes, Bogot\u00e1, Colombia<br \/>\nMuseo de Arte Moderno, Cartagena de Indias, Colombia (support Institut f\u00fcr Auslandbeziehung, e.V, Deutschland)<\/p>\n<p>2001 <em>Ich, zwischen dem 2. und 9. Juni 2001<\/em>\u00a0Insituto Goethe, Berl\u00edn<\/p>\n<p><em>Cortar las hilachas<\/em>\u00a0Instituto Goethe, Berl\u00edn.<\/p>\n<p>2000 <em>La casa por dentro<\/em> Neues Museum, Neue National Galerie SMPK, Berl\u00edn<\/p>\n<p>1999 <em>La casa por dentro<\/em> Hangar1, Aeropuerto Tempelhof, Berlin<br \/>\nBunker, Aeropuerto Tempelhof, Berl\u00edn<br \/>\n<em>Kopfsprung <\/em>Kunstverein Nieb\u00fcll \/ Richard-Heizmann-Museum Nieb\u00fcll<\/p>\n<p>1998 <em>La casa por dentro<\/em> Strabag Industriegel\u00e4nde, Berl\u00edn-Tempelhof<\/p>\n<p>1996 <em>La casa por dentro<\/em> Aeropuerto Gatow, Berl\u00edn<\/p>\n<p>1995 <em>\u00fcber K\u00f6rper<\/em> Galerie APC, K\u00f6ln<\/p>\n<p>1994 <em>Diccionario de Viaje<\/em> Automatengalerie, Z\u00fcrich, CH<\/p>\n<p><em>abtract art is beautifull<\/em> 19-20 Gallery, Londres<\/p>\n<p>1993 <em>La casa<\/em> APC Galerie, Colonia<\/p>\n<p>1992 <em>Malerei<\/em> Villa Waldrich Kunstverein Siegen<\/p>\n<p><em>Die Reise der Bilder<\/em>, ARC Galerie Hamburgo<\/p>\n<p>1985 Galer\u00eda Jaime Conci, C\u00f3rdoba, Argentinien (S)<\/p>\n<\/div><\/section><br \/>\n<section class=\"av_textblock_section \"  itemscope=\"itemscope\" itemtype=\"https:\/\/schema.org\/CreativeWork\" ><div class='avia_textblock  '  style='font-size:12px; '  itemprop=\"text\" ><p><strong><u>Video<\/u><\/strong><\/p>\n<p>2014 <em>cuarto, cocina y ba\u00f1o<\/em> HD 85 min CaSi production<\/p>\n<p>2014 <em>Meditaci\u00f3n 1<\/em> HD 6: 1 CaSi production<\/p>\n<p>2011 <em>La hu\u00edda<\/em> HD 2 minutos CaSi production<\/p>\n<p>2010 <em>La bici<\/em> HD 3min, CaSi production,<\/p>\n<p>2009 <em>Gelassen atmet der Tag, <\/em>78 min CaSi production<\/p>\n<p>2008 La dificultad Betacam 55 min, CaSi Berl\u00edn\/IMM Institut f\u00fcr Musik und Medien, D\u00fcsseldorf<\/p>\n<p>2005 <em>Die Leiter<\/em> Betacam 8 min, CaSi production Berlin<\/p>\n<p>2003<em> La nadadora <\/em>miniDV 5min CaSi production<\/p>\n<\/div><\/section><br \/>\n<section class=\"av_textblock_section \"  itemscope=\"itemscope\" itemtype=\"https:\/\/schema.org\/CreativeWork\" ><div class='avia_textblock  '  style='font-size:12px; '  itemprop=\"text\" ><p><strong><u>Publicaciones<\/u><\/strong><\/p>\n<p>2007 <em>Zehn, oder wie die Hand ein <\/em>Weg wird, Katalog FH D\u00fcsseldorf<\/p>\n<p>2018 <em>Conversaciones chinas<\/em> Audisea, Buenos Aires<\/p>\n<p>2017 <em>91 meditaciones<\/em> (Huesos de Jibia, Buenos Aires, Argentina<\/p>\n<p><a href=\"https:\/\/elinfinitoviajar.blogspot.de\/\">https:\/\/elinfinitoviajar.blogspot.de\/<\/a><\/p>\n<p>2016 <em>El sapo y otro poemas <\/em>Gertrud Kolmar, Hablar de poes\u00eda N\u00b0 34, Buenos Aires.<\/p>\n<p>2015 <em>18 poemas<\/em> Rose Ausl\u00e4nder Hablar de poes\u00eda, N\u00b0 31, Buenos Aires<\/p>\n<p>2014 Corresponding Voices, Syracuse, N.Y University (poes\u00eda)<\/p>\n<p>2013\u00a0\u00a0 <em>Cantos del carnicero<\/em> ( Colecci\u00f3n F\u00e9nix, C\u00f3rdoba, Argentina<\/p>\n<p>2011 La Tempestad, M\u00e9xico (poes\u00eda)<\/p>\n<p>2006 <em>Die Wunde. Eine Reflexion nach Fiktionen 3-Orte<\/em> von Oliver Siebeck<br \/>\nKatalog, Im Tal, Kunstverein Hasselbach ev.<\/p>\n<p>&nbsp;<\/p>\n<\/div><\/section><\/p><\/div>\n","protected":false},"excerpt":{"rendered":"","protected":false},"author":1,"featured_media":0,"parent":0,"menu_order":0,"comment_status":"closed","ping_status":"closed","template":"","meta":{"footnotes":""},"class_list":["post-977","page","type-page","status-publish","hentry"],"_links":{"self":[{"href":"https:\/\/www.celiacaturelli.de\/es\/wp-json\/wp\/v2\/pages\/977","targetHints":{"allow":["GET"]}}],"collection":[{"href":"https:\/\/www.celiacaturelli.de\/es\/wp-json\/wp\/v2\/pages"}],"about":[{"href":"https:\/\/www.celiacaturelli.de\/es\/wp-json\/wp\/v2\/types\/page"}],"author":[{"embeddable":true,"href":"https:\/\/www.celiacaturelli.de\/es\/wp-json\/wp\/v2\/users\/1"}],"replies":[{"embeddable":true,"href":"https:\/\/www.celiacaturelli.de\/es\/wp-json\/wp\/v2\/comments?post=977"}],"version-history":[{"count":3,"href":"https:\/\/www.celiacaturelli.de\/es\/wp-json\/wp\/v2\/pages\/977\/revisions"}],"predecessor-version":[{"id":980,"href":"https:\/\/www.celiacaturelli.de\/es\/wp-json\/wp\/v2\/pages\/977\/revisions\/980"}],"wp:attachment":[{"href":"https:\/\/www.celiacaturelli.de\/es\/wp-json\/wp\/v2\/media?parent=977"}],"curies":[{"name":"wp","href":"https:\/\/api.w.org\/{rel}","templated":true}]}}